{"id":779,"date":"2013-10-18T11:55:00","date_gmt":"2013-10-18T14:55:00","guid":{"rendered":"https:\/\/www.tec-screen.com.br\/wp_tec\/?page_id=779"},"modified":"2019-11-27T12:25:44","modified_gmt":"2019-11-27T15:25:44","slug":"auxiliares-base-de-solvente","status":"publish","type":"page","link":"https:\/\/tec-screen.com.br\/?page_id=779","title":{"rendered":"Auxiliares Base de Solvente"},"content":{"rendered":"<h3 style=\"text-align: center; margin-top: 30px;\">Auxiliares para melhorar sua produtividade<\/h3>\n<div style=\"margin: 0 10% 30px;\">\n<p style=\"text-align: center;\">A TEC-SCREEN possui uma grande variedade de produtos auxiliares para sua linha base solvente, especialmente desenvolvidos para os nossos produtos, tais como Emuls\u00f5es, Colas, Retardadores, Removedores, Sensibilizantes e Vernizes. Todos esses produtos desenvolvidos para conseguir atingir os melhores resultados.<\/p>\n<p style=\"text-align: center;\">\n<\/div>\n<hr \/>\n<h1 style=\"text-align: center; margin-top: 60px;\">Emuls\u00e3o<\/h1>\n<p><img loading=\"lazy\" class=\"aligncenter size-full wp-image-976\" src=\"https:\/\/tec-screen.com.br\/wp-content\/uploads\/screen.jpg\" alt=\"screen\" width=\"402\" height=\"284\" srcset=\"https:\/\/tec-screen.com.br\/wp-content\/uploads\/screen.jpg 402w, https:\/\/tec-screen.com.br\/wp-content\/uploads\/screen-300x211.jpg 300w\" sizes=\"(max-width: 402px) 100vw, 402px\" \/><\/p>\n<div style=\"margin: 0 10% 30px;\">\n<p style=\"text-align: center;\">Linha de emuls\u00f5es fotogr\u00e1ficas para prepara\u00e7\u00e3o de matrizes serigr\u00e1ficas indicados para tintas base solvente.<\/p>\n<p style=\"text-align: center;\">Emuls\u00e3o Azul &#8211; Ref. 840.403<br \/>\nDispon\u00edvel em 240ml e 900ml<\/p>\n<p style=\"text-align: center;\">Removedor de Emuls\u00e3o &#8211; Ref. 846<br \/>\nDispon\u00edvel em 1l e 5l<\/p>\n<p style=\"text-align: center;\">Sensibilizante &#8211; Ref. 845<br \/>\nDispon\u00edvel em 100ml<\/p>\n<\/div>\n<hr \/>\n<h1 style=\"text-align: center; margin-top: 60px;\">Cola Permanente<\/h1>\n<p><img loading=\"lazy\" class=\"aligncenter size-full wp-image-977\" src=\"https:\/\/tec-screen.com.br\/wp-content\/uploads\/mesadeserigrafia.jpg\" alt=\"mesadeserigrafia\" width=\"402\" height=\"284\" srcset=\"https:\/\/tec-screen.com.br\/wp-content\/uploads\/mesadeserigrafia.jpg 402w, https:\/\/tec-screen.com.br\/wp-content\/uploads\/mesadeserigrafia-300x211.jpg 300w\" sizes=\"(max-width: 402px) 100vw, 402px\" \/><\/p>\n<div style=\"margin: 0 10% 30px;\">\n<p style=\"text-align: center;\">A Cola Permante mantem um tack duradouro e promove a fixa\u00e7\u00e3o do substrato sobre a base, permitindo que sejam estampadas v\u00e1rias cores com encaixe perfeito.<\/p>\n<p style=\"text-align: center;\">Cola Permanente &#8211; Ref. 750<br \/>\nDispon\u00edvel em 200ml, 900ml, 5kg, 20kg e 50kg<\/p>\n<\/div>\n<hr \/>\n<h5>Pasta Emoliente &#8211; Ref. 740<\/h5>\n<p>Pasta incolor, com a finalidade de se obter mais transpar\u00eancia sem perder a viscosidade se adicionada aos produtos ref. 530 e ref. 540 aumentando assim o rendimento. Pode-se tamb\u00e9m utilizar para misturas com purpurina para obten\u00e7\u00e3o de cores met\u00e1licas<\/p>\n<p>Dispon\u00edvel em 900ml e 3,6L<\/p>\n<h5>Verniz Vin\u00edlico &#8211; Ref. 710<\/h5>\n<p>Verniz Serigr\u00e1fico Vin\u00edlico de secagem ao ar, boa durabilidade para exposi\u00e7\u00e3o externa, \u00f3tima ader\u00eancia e flexibilidade, usado tamb\u00e9m em combina\u00e7\u00e3o com purpurina ou glitter para obten\u00e7\u00e3o de acabamento met\u00e1lico.<\/p>\n<p>Dispon\u00edvel em 900ml e 3,6l<\/p>\n","protected":false},"excerpt":{"rendered":"<p>Auxiliares para melhorar sua produtividade A TEC-SCREEN possui uma grande variedade de produtos auxiliares para sua linha base solvente, especialmente desenvolvidos para os nossos produtos, tais como Emuls\u00f5es, Colas, Retardadores, Removedores, Sensibilizantes e Vernizes. Todos esses produtos desenvolvidos para conseguir atingir os melhores resultados. Emuls\u00e3o Linha de emuls\u00f5es fotogr\u00e1ficas para prepara\u00e7\u00e3o de matrizes serigr\u00e1ficas indicados [&hellip;]<\/p>\n","protected":false},"author":1,"featured_media":0,"parent":531,"menu_order":0,"comment_status":"closed","ping_status":"closed","template":"","meta":[],"_links":{"self":[{"href":"https:\/\/tec-screen.com.br\/index.php?rest_route=\/wp\/v2\/pages\/779"}],"collection":[{"href":"https:\/\/tec-screen.com.br\/index.php?rest_route=\/wp\/v2\/pages"}],"about":[{"href":"https:\/\/tec-screen.com.br\/index.php?rest_route=\/wp\/v2\/types\/page"}],"author":[{"embeddable":true,"href":"https:\/\/tec-screen.com.br\/index.php?rest_route=\/wp\/v2\/users\/1"}],"replies":[{"embeddable":true,"href":"https:\/\/tec-screen.com.br\/index.php?rest_route=%2Fwp%2Fv2%2Fcomments&post=779"}],"version-history":[{"count":11,"href":"https:\/\/tec-screen.com.br\/index.php?rest_route=\/wp\/v2\/pages\/779\/revisions"}],"predecessor-version":[{"id":3993,"href":"https:\/\/tec-screen.com.br\/index.php?rest_route=\/wp\/v2\/pages\/779\/revisions\/3993"}],"up":[{"embeddable":true,"href":"https:\/\/tec-screen.com.br\/index.php?rest_route=\/wp\/v2\/pages\/531"}],"wp:attachment":[{"href":"https:\/\/tec-screen.com.br\/index.php?rest_route=%2Fwp%2Fv2%2Fmedia&parent=779"}],"curies":[{"name":"wp","href":"https:\/\/api.w.org\/{rel}","templated":true}]}}