{"id":864,"date":"2013-10-25T16:38:47","date_gmt":"2013-10-25T19:38:47","guid":{"rendered":"https:\/\/www.tec-screen.com.br\/wp_tec\/?page_id=864"},"modified":"2019-11-27T12:18:21","modified_gmt":"2019-11-27T15:18:21","slug":"pigmentos","status":"publish","type":"page","link":"http:\/\/tec-screen.com.br\/?page_id=864","title":{"rendered":"Pigmentos"},"content":{"rendered":"<h1 style=\"text-align: center; margin-top: 30px;\">\u00a0Ideal para colora\u00e7\u00e3o de suas tintas<\/h1>\n<div style=\"margin: 0 10% 30px;\">\n<p style=\"text-align: center;\">Os pigmentos da TEC-SCREEN s\u00e3o utilizados para dar colora\u00e7\u00e3o \u00e0s tintas base d\u2019agua. Possuem em sua formula\u00e7\u00e3o alta concentra\u00e7\u00e3o de pigmentos que proporcionam maior intensidade nas cores, brilho e cobertura. Aumentando sua resist\u00eancia e solidez a luz.<\/p>\n<p style=\"text-align: center;\">\n<\/div>\n<hr \/>\n<div style=\"margin: 40px 10% 30px;\">\n<p style=\"text-align: center;\">Pigmentos org\u00e2nicos concentrados com alto poder de tingimento para realizar pigmenta\u00e7\u00e3o em tinta incolor utilizados na estamparia t\u00eaxtil.<img loading=\"lazy\" class=\"aligncenter size-full wp-image-987\" src=\"https:\/\/tec-screen.com.br\/wp-content\/uploads\/pigmento-em-pasta.jpg\" alt=\"pigmento-em-pasta\" width=\"960\" height=\"560\" srcset=\"http:\/\/tec-screen.com.br\/wp-content\/uploads\/pigmento-em-pasta.jpg 960w, http:\/\/tec-screen.com.br\/wp-content\/uploads\/pigmento-em-pasta-300x175.jpg 300w\" sizes=\"(max-width: 960px) 100vw, 960px\" \/><\/p>\n<\/div>\n<p style=\"text-align: center;\">Hidropasta &#8211; Ref. 690<br \/>\nDispon\u00edvel em 100ml e 1kg<\/p>\n<hr \/>\n<h1 style=\"text-align: center; margin-top: 60px;\">Hidrofluor<\/h1>\n<div style=\"margin: 0 10% 30px;\">\n<p style=\"text-align: center;\">Pigmentos org\u00e2nicos para realizar pigmenta\u00e7\u00e3o em tinta incolor utilizados na estamparia t\u00eaxtil (pasta, clear e mix), sol\u00faveis em \u00e1gua.<br \/>\n<img loading=\"lazy\" class=\"size-full wp-image-991 aligncenter\" src=\"https:\/\/tec-screen.com.br\/wp-content\/uploads\/hidrofluor.jpg\" alt=\"hidrofluor\" width=\"501\" height=\"303\" srcset=\"http:\/\/tec-screen.com.br\/wp-content\/uploads\/hidrofluor.jpg 501w, http:\/\/tec-screen.com.br\/wp-content\/uploads\/hidrofluor-300x181.jpg 300w\" sizes=\"(max-width: 501px) 100vw, 501px\" \/><\/p>\n<p style=\"text-align: center;\">Hidrofluor &#8211; Ref. 695<br \/>\nDispon\u00edvel em 100ml e 1kg<\/p>\n<\/div>\n","protected":false},"excerpt":{"rendered":"<p>\u00a0Ideal para colora\u00e7\u00e3o de suas tintas Os pigmentos da TEC-SCREEN s\u00e3o utilizados para dar colora\u00e7\u00e3o \u00e0s tintas base d\u2019agua. Possuem em sua formula\u00e7\u00e3o alta concentra\u00e7\u00e3o de pigmentos que proporcionam maior intensidade nas cores, brilho e cobertura. Aumentando sua resist\u00eancia e solidez a luz. Pigmentos org\u00e2nicos concentrados com alto poder de tingimento para realizar pigmenta\u00e7\u00e3o em [&hellip;]<\/p>\n","protected":false},"author":1,"featured_media":0,"parent":530,"menu_order":0,"comment_status":"closed","ping_status":"closed","template":"","meta":[],"_links":{"self":[{"href":"http:\/\/tec-screen.com.br\/index.php?rest_route=\/wp\/v2\/pages\/864"}],"collection":[{"href":"http:\/\/tec-screen.com.br\/index.php?rest_route=\/wp\/v2\/pages"}],"about":[{"href":"http:\/\/tec-screen.com.br\/index.php?rest_route=\/wp\/v2\/types\/page"}],"author":[{"embeddable":true,"href":"http:\/\/tec-screen.com.br\/index.php?rest_route=\/wp\/v2\/users\/1"}],"replies":[{"embeddable":true,"href":"http:\/\/tec-screen.com.br\/index.php?rest_route=%2Fwp%2Fv2%2Fcomments&post=864"}],"version-history":[{"count":14,"href":"http:\/\/tec-screen.com.br\/index.php?rest_route=\/wp\/v2\/pages\/864\/revisions"}],"predecessor-version":[{"id":3988,"href":"http:\/\/tec-screen.com.br\/index.php?rest_route=\/wp\/v2\/pages\/864\/revisions\/3988"}],"up":[{"embeddable":true,"href":"http:\/\/tec-screen.com.br\/index.php?rest_route=\/wp\/v2\/pages\/530"}],"wp:attachment":[{"href":"http:\/\/tec-screen.com.br\/index.php?rest_route=%2Fwp%2Fv2%2Fmedia&parent=864"}],"curies":[{"name":"wp","href":"https:\/\/api.w.org\/{rel}","templated":true}]}}