{"id":824,"date":"2013-10-22T16:14:14","date_gmt":"2013-10-22T19:14:14","guid":{"rendered":"https:\/\/www.tec-screen.com.br\/wp_tec\/?page_id=824"},"modified":"2019-11-27T12:28:47","modified_gmt":"2019-11-27T15:28:47","slug":"solventes","status":"publish","type":"page","link":"http:\/\/tec-screen.com.br\/?page_id=824","title":{"rendered":"Solventes"},"content":{"rendered":"<h5>Solvente para Limpeza &#8211; 860<\/h5>\n<p>Para limpeza de matrizes e rodos utilizados na impress\u00e3o das tintas Sint\u00e9ticas e Vin\u00edlicas.<\/p>\n<p>Dispon\u00edvel em: 900ml, 5l, 18l e 200l<\/p>\n<h5>Solvente Vin\u00edlico &#8211; 870<\/h5>\n<p>Para dilui\u00e7\u00e3o das tintas vin\u00edlicas na propor\u00e7\u00e3o de 10% \u00e1 15% no m\u00e1ximo, indicado tamb\u00e9m para limpeza das matrizes e rodos utilizados no processo de impress\u00e3o.<\/p>\n<p>Dispon\u00edvel em: 900ml, 5l, 18l e 200l<\/p>\n<h5>Solvente Vin\u00edlico R\u00e1pido &#8211; 873<\/h5>\n<p>Para diluir e acelerar a secagem das tintas vin\u00edlicas na propor\u00e7\u00e3o de 10% \u00e1 !5% no m\u00e1ximo. Indicado tamb\u00e9m para limpeza das matrizes e rodos utilizados no processo de impress\u00e3o.<\/p>\n<p>Dispon\u00edvel em: 900ml, 5l, 18l e 200l<\/p>\n<h5>Solvente Tec Poli &#8211; 890<\/h5>\n<p>Para dilui\u00e7\u00e3o das tintas Tec Poli na propor\u00e7\u00e3o de no m\u00e1ximo 10%, indicado tamb\u00e9m para limpeza das matrizes e rodos utilizados no processo de impress\u00e3o.<\/p>\n<p>Dispon\u00edvel em: 900ml, 5l, 18l e 200l[\/accordion]<\/p>\n<h5>Tec Raz Mineral &#8211; Ref. 910.000<\/h5>\n<p>Para diluir as tintas sint\u00e9ticas, indicadas tamb\u00e9m para a limpeza das matrizes e rodos utilizados no processo de impress\u00e3o. Pode ser utilizada para retardar a secagem das tintas t\u00eaxteis a base de \u00e1gua em casos extremos.Utilizar numa propor\u00e7\u00e3o de no m\u00e1ximo de 10%.<\/p>\n<p>Dispon\u00edvel em: 900ml, 5l e 18l<\/p>\n<h5>Solvente Remotec &#8211; 911<\/h5>\n<p>Utilizado para dilui\u00e7\u00e3o em at\u00e9 10%, sendo tamb\u00e9m utilizado como produto de limpeza em matrizes, rodos e materiais de impress\u00e3o. Indicado para utiliza\u00e7\u00e3o em tinta Remotec.<\/p>\n<p>Embalagens de: 900ml, 5l, 18l e 200l<\/p>\n<h5>Retardador &#8211; Ref. 920<\/h5>\n<p>Para retardar a secagem das tintas Sint\u00e9ticas e Vin\u00edlicas. Na propor\u00e7\u00e3o m\u00e1xima de 10 \u00e1 15%.<\/p>\n<p>Dispon\u00edvel em: 900ml, 5l, 18l e 200l<\/p>\n<h5>Thinner Especial &#8211; 930<\/h5>\n<p>Indicado para colar e tamb\u00e9m retirar o filme de recorte da matriz, indicado tamb\u00e9m para dilui\u00e7\u00e3o da Laca Vedante, podendo ser aplicado para limpeza final de colas de mesas de estamparia.<\/p>\n<p>Dispon\u00edvel em: 900ml, 5l, 18l e 200l<\/p>\n<h5>Solvente Multi-Uso \u2013 Ref. X06.003<\/h5>\n<p>Produto indicado para limpeza de matrizes e rodos utilizados no processo de impress\u00e3o, como tintas Vin\u00edlica, Sint\u00e9ticas e Tec Poli.<\/p>\n<p>Embalagens de: 900ml, 5l, 18l e 200l<\/p>\n<h5>Solvente Vinil \u2013 Ref. X09.065<\/h5>\n<p>Diluir as tintas vin\u00edlicas na propor\u00e7\u00e3o de 10% \u00e1 15% no m\u00e1ximo, indicado tamb\u00e9m para limpeza das matrizes e rodos utilizados no processo de impress\u00e3o.<\/p>\n<p>Embalagens de: 900ml, 5l, 18l e 200l<\/p>\n","protected":false},"excerpt":{"rendered":"<p>Solvente para Limpeza &#8211; 860 Para limpeza de matrizes e rodos utilizados na impress\u00e3o das tintas Sint\u00e9ticas e Vin\u00edlicas. Dispon\u00edvel em: 900ml, 5l, 18l e 200l Solvente Vin\u00edlico &#8211; 870 Para dilui\u00e7\u00e3o das tintas vin\u00edlicas na propor\u00e7\u00e3o de 10% \u00e1 15% no m\u00e1ximo, indicado tamb\u00e9m para limpeza das matrizes e rodos utilizados no processo de [&hellip;]<\/p>\n","protected":false},"author":1,"featured_media":0,"parent":531,"menu_order":0,"comment_status":"closed","ping_status":"closed","template":"","meta":[],"_links":{"self":[{"href":"http:\/\/tec-screen.com.br\/index.php?rest_route=\/wp\/v2\/pages\/824"}],"collection":[{"href":"http:\/\/tec-screen.com.br\/index.php?rest_route=\/wp\/v2\/pages"}],"about":[{"href":"http:\/\/tec-screen.com.br\/index.php?rest_route=\/wp\/v2\/types\/page"}],"author":[{"embeddable":true,"href":"http:\/\/tec-screen.com.br\/index.php?rest_route=\/wp\/v2\/users\/1"}],"replies":[{"embeddable":true,"href":"http:\/\/tec-screen.com.br\/index.php?rest_route=%2Fwp%2Fv2%2Fcomments&post=824"}],"version-history":[{"count":4,"href":"http:\/\/tec-screen.com.br\/index.php?rest_route=\/wp\/v2\/pages\/824\/revisions"}],"predecessor-version":[{"id":3994,"href":"http:\/\/tec-screen.com.br\/index.php?rest_route=\/wp\/v2\/pages\/824\/revisions\/3994"}],"up":[{"embeddable":true,"href":"http:\/\/tec-screen.com.br\/index.php?rest_route=\/wp\/v2\/pages\/531"}],"wp:attachment":[{"href":"http:\/\/tec-screen.com.br\/index.php?rest_route=%2Fwp%2Fv2%2Fmedia&parent=824"}],"curies":[{"name":"wp","href":"https:\/\/api.w.org\/{rel}","templated":true}]}}