{"id":777,"date":"2013-10-18T11:54:37","date_gmt":"2013-10-18T14:54:37","guid":{"rendered":"https:\/\/www.tec-screen.com.br\/wp_tec\/?page_id=777"},"modified":"2019-11-27T12:16:27","modified_gmt":"2019-11-27T15:16:27","slug":"auxiliares-base-de-agua","status":"publish","type":"page","link":"http:\/\/tec-screen.com.br\/?page_id=777","title":{"rendered":"Auxiliares Base de \u00c1gua"},"content":{"rendered":"<h1 style=\"text-align: center; margin-top: 30px;\">Auxiliares para melhorar sua produtividade<\/h1>\n<div style=\"margin: 0 10% 30px;\">\n<p style=\"text-align: center;\">A TEC-SCREEN possui uma grande variedade de produtos auxiliares para sua linha base \u00e1gua, especialmente desenvolvidos para os nossos produtos, tais como Emuls\u00f5es, Colas, Retardadores, Removedores, Sensibilizantes e Vernizes. Todos esses produtos desenvolvidos para conseguir atingir os melhores resultados.<\/p>\n<p style=\"text-align: center;\">\n<\/div>\n<hr \/>\n<p><img loading=\"lazy\" class=\"aligncenter size-full wp-image-976\" src=\"https:\/\/tec-screen.com.br\/wp-content\/uploads\/screen.jpg\" alt=\"screen\" width=\"402\" height=\"284\" srcset=\"http:\/\/tec-screen.com.br\/wp-content\/uploads\/screen.jpg 402w, http:\/\/tec-screen.com.br\/wp-content\/uploads\/screen-300x211.jpg 300w\" sizes=\"(max-width: 402px) 100vw, 402px\" \/><\/p>\n<h1 style=\"text-align: center; margin-top: 60px;\">Emuls\u00e3o<\/h1>\n<div style=\"margin: 0 10% 30px;\">\n<p style=\"text-align: center;\">Linha de emuls\u00f5es fotogr\u00e1ficas para prepara\u00e7\u00e3o de matrizes serigr\u00e1ficas indicados para tintas base \u00e1gua.<\/p>\n<p style=\"text-align: center;\">Emuls\u00e3o Verde &#8211; Ref. 831.406<br \/>\nEmuls\u00e3o Amarelo &#8211; Ref. 846.401<br \/>\nDispon\u00edvel em 240ml e 900ml<\/p>\n<p style=\"text-align: center;\">Removedor de Emuls\u00e3o &#8211; Ref. 846<br \/>\nDispon\u00edvel em 1l e 5l<\/p>\n<p style=\"text-align: center;\">Sensibilizante &#8211; Ref. 845<br \/>\nDispon\u00edvel em 100ml<\/p>\n<\/div>\n<hr \/>\n<h1 style=\"text-align: center; margin-top: 60px;\"><img loading=\"lazy\" class=\"aligncenter size-full wp-image-977\" src=\"https:\/\/tec-screen.com.br\/wp-content\/uploads\/mesadeserigrafia.jpg\" alt=\"mesadeserigrafia\" width=\"402\" height=\"284\" srcset=\"http:\/\/tec-screen.com.br\/wp-content\/uploads\/mesadeserigrafia.jpg 402w, http:\/\/tec-screen.com.br\/wp-content\/uploads\/mesadeserigrafia-300x211.jpg 300w\" sizes=\"(max-width: 402px) 100vw, 402px\" \/>Cola Permanente<\/h1>\n<div style=\"margin: 0 10% 30px;\">\n<p style=\"text-align: center;\">A Cola Permanente mant\u00e9m um tack duradouro e promove a fixa\u00e7\u00e3o do substrato sobre a base, permitindo que sejam estampadas v\u00e1rias cores com encaixe perfeito.<\/p>\n<p style=\"text-align: center;\">Cola Permanente &#8211; Ref. 750<br \/>\nDispon\u00edvel em 200ml, 900ml, 5kg, 20kg e 50kg<br \/>\nCola Permanente para Sint\u00e9ticos &#8211; Ref. 750.488<br \/>\nDispon\u00edvel em 900ml, 5kg, 20kg e 50kg<\/p>\n<\/div>\n<hr \/>\n<p><img loading=\"lazy\" class=\"aligncenter size-full wp-image-983\" src=\"https:\/\/tec-screen.com.br\/wp-content\/uploads\/foil.jpg\" alt=\"foil\" width=\"402\" height=\"284\" srcset=\"http:\/\/tec-screen.com.br\/wp-content\/uploads\/foil.jpg 402w, http:\/\/tec-screen.com.br\/wp-content\/uploads\/foil-300x211.jpg 300w\" sizes=\"(max-width: 402px) 100vw, 402px\" \/><\/p>\n<h1 style=\"text-align: center; margin-top: 60px;\">Cola Gliter e Foil<\/h1>\n<div style=\"margin: 0 10% 30px;\">\n<p style=\"text-align: center;\">Com a cola para Gliter e a Cola para Foil permitem estampagem e aplica\u00e7\u00e3o de efeitos especiais em suas impress\u00f5es com alto poder de fixa\u00e7\u00e3o.<\/p>\n<p style=\"text-align: center;\">Cola para Gliter &#8211; Ref. 751<br \/>\nDispon\u00edvel em 900ml, 5kg, 20kg e 50kg<br \/>\nCola para Foil Frio &#8211; Ref. 753<br \/>\nDispon\u00edvel em 900ml e 5kg<br \/>\nCola para Foil Quente &#8211; Ref. 754<br \/>\nDispon\u00edvel em 900ml e 5kg<\/p>\n<\/div>\n<hr \/>\n<h5>Removedor de Cola Permanente &#8211; Ref. 756<\/h5>\n<p>Indicado para remo\u00e7\u00e3o de cola permanente da mesa de impress\u00e3o. Pronto para uso, diminui o tempo e esfor\u00e7o de remo\u00e7\u00e3o e limpeza proporciona a apar\u00eancia de superf\u00edcies novas, sem dar a impress\u00e3o de ter sido usado qualquer produto, n\u00e3o deixa res\u00edduos.<\/p>\n<p>Dispon\u00edvel em 1l e 5l<\/p>\n<h5>Retardador Gel &#8211; Ref. 760<\/h5>\n<p>\u00c9 um produto para evitar ou minimizar o problema de entupimento das telas (matrizes) com qualquer tinta base de \u00e1gua da TEC-SCREEN. Aconselhamos usar em torno de 5 \u00e1 10% sobre uma tinta base \u00e1gua, agitar constantemente at\u00e9 que dissolva completamente na tinta.<\/p>\n<p>Dispon\u00edvel em 1l e 5l<\/p>\n<h5>Super Retardador Gel &#8211; Ref. 760.001<\/h5>\n<p>Produto mais concentrado que o Retardador Gel convencional. Evita ou minimiza o problema de entupimento das telas (matrizes) indicada idealmente para regi\u00f5es com climas mais quentes.<\/p>\n<p>Dispon\u00edvel em 1l e 5l<\/p>\n<h5>Diluente Base D&#8217;agua &#8211; Ref. 760.010<\/h5>\n<p>Utilizado para a dilui\u00e7\u00e3o de todas as linha de tintas a Base de \u00c1gua da TEC-SCREEN. Deve ser adicionado em pequenas quantidades at\u00e9 no m\u00e1ximo 10% do volume da tinta.<\/p>\n<p>Dispon\u00edvel em 1l e 5l<\/p>\n<h5>Amaciante TS &#8211; Ref. 762<\/h5>\n<p>Produto utilizado em conjunto com as tintas a base de \u00e1gua da TEC-SCREEN para amaciar o toque das impress\u00f5es nos tecidos.<\/p>\n<p>Dispon\u00edvel em 1l e 5l<\/p>\n<h5>Pel\u00edcula transparente &#8211; Ref. 842.403<\/h5>\n<p>M\u00e1scara de transfer\u00eancia transparente flex\u00edvel, desenvolvido para uso principalmente como um filme de transfer\u00eancia. Pode ser utilizada tamb\u00e9m para prote\u00e7\u00e3o de curta dura\u00e7\u00e3o.<\/p>\n<p>Dispon\u00edvel em 900ml, 5kg e 20kg<\/p>\n","protected":false},"excerpt":{"rendered":"<p>Auxiliares para melhorar sua produtividade A TEC-SCREEN possui uma grande variedade de produtos auxiliares para sua linha base \u00e1gua, especialmente desenvolvidos para os nossos produtos, tais como Emuls\u00f5es, Colas, Retardadores, Removedores, Sensibilizantes e Vernizes. Todos esses produtos desenvolvidos para conseguir atingir os melhores resultados. Emuls\u00e3o Linha de emuls\u00f5es fotogr\u00e1ficas para prepara\u00e7\u00e3o de matrizes serigr\u00e1ficas indicados [&hellip;]<\/p>\n","protected":false},"author":1,"featured_media":0,"parent":530,"menu_order":0,"comment_status":"closed","ping_status":"closed","template":"","meta":[],"_links":{"self":[{"href":"http:\/\/tec-screen.com.br\/index.php?rest_route=\/wp\/v2\/pages\/777"}],"collection":[{"href":"http:\/\/tec-screen.com.br\/index.php?rest_route=\/wp\/v2\/pages"}],"about":[{"href":"http:\/\/tec-screen.com.br\/index.php?rest_route=\/wp\/v2\/types\/page"}],"author":[{"embeddable":true,"href":"http:\/\/tec-screen.com.br\/index.php?rest_route=\/wp\/v2\/users\/1"}],"replies":[{"embeddable":true,"href":"http:\/\/tec-screen.com.br\/index.php?rest_route=%2Fwp%2Fv2%2Fcomments&post=777"}],"version-history":[{"count":38,"href":"http:\/\/tec-screen.com.br\/index.php?rest_route=\/wp\/v2\/pages\/777\/revisions"}],"predecessor-version":[{"id":3985,"href":"http:\/\/tec-screen.com.br\/index.php?rest_route=\/wp\/v2\/pages\/777\/revisions\/3985"}],"up":[{"embeddable":true,"href":"http:\/\/tec-screen.com.br\/index.php?rest_route=\/wp\/v2\/pages\/530"}],"wp:attachment":[{"href":"http:\/\/tec-screen.com.br\/index.php?rest_route=%2Fwp%2Fv2%2Fmedia&parent=777"}],"curies":[{"name":"wp","href":"https:\/\/api.w.org\/{rel}","templated":true}]}}