{"id":605,"date":"2013-05-13T13:55:38","date_gmt":"2013-05-13T16:55:38","guid":{"rendered":"https:\/\/www.tec-screen.com.br\/wp_tec\/?page_id=605"},"modified":"2019-11-27T11:49:53","modified_gmt":"2019-11-27T14:49:53","slug":"sintetica","status":"publish","type":"page","link":"http:\/\/tec-screen.com.br\/?page_id=605","title":{"rendered":"Sint\u00e9tica"},"content":{"rendered":"<h1 style=\"text-align: center;margin-top: 30px\">Linha Sint\u00e9tica<\/h1>\n<div style=\"margin: 0 10% 30px\">\n<p style=\"text-align: center\">A TEC-SCREEN possui produtos direcionados para os mais variados substratos utilizados no mercado serigr\u00e1fico. S\u00e3o produtos para aplica\u00e7\u00e3o em E.V.A, lonas vinil, policarbonato, poliestireno, polietileno, acr\u00edlicos, chapas de alum\u00ednio, a\u00e7o inox, papel, papel\u00e3o, PVC e muito mais.<\/p>\n<p style=\"text-align: center\">\n<\/div>\n<hr \/>\n<div class=\"clear\"><\/div>\n<div style=\"margin: 30px 10% 30px\">\n<h1 style=\"text-align: center;margin-top: 60px\">Sint\u00e9tica Fosca Ref. 530<\/h1>\n<p> <img loading=\"lazy\" src=\"https:\/\/tec-screen.com.br\/wp-content\/uploads\/sintetica_fosca.jpg\" alt=\"Sint\u00e9tica Fosca\" width=\"904\" height=\"684\" class=\"aligncenter size-large wp-image-1222\" style=\"margin: 30p 10% 30px\" \/><\/p>\n<div style=\"margin: 0 10% 30px\">\n<p style=\"text-align: center\">Tinta serigr\u00e1fica alqu\u00eddica de secagem ao ar, com cores misc\u00edveis entre si, apresenta uma regular durabilidade para uso externo, com excelente cobertura \u00f3tima ader\u00eancia e flexibilidade.Indicada para decora\u00e7\u00e3o e acabamento de chapas de ferro, papel, madeira e derivados com acabamento fosco aveludado.<\/p>\n<p style=\"text-align: center\">Sint\u00e9tica Fosca Ref. 530<br \/>\nDispon\u00edvel em 900ml<\/p>\n<\/div>\n<\/div>\n<hr \/>\n<div class=\"clear\"><\/div>\n<div style=\"margin: 0 10% 30px\">\n<h1 style=\"text-align: center;margin-top: 60px\">Sint\u00e9tica Brilhante Ref. 540<\/h1>\n<p><img loading=\"lazy\" src=\"https:\/\/tec-screen.com.br\/wp-content\/uploads\/sintetica_brilhante.jpg\" alt=\"Sint\u00e9tica Brilhante\" width=\"904\" height=\"643\" class=\"aligncenter size-large wp-image-1221\" style=\"margin: 30px 10% 30px\" \/> <\/p>\n<div style=\"margin: 0 10% 30px\">\n<p style=\"text-align: center\">Tinta serigr\u00e1fica de secagem ao ar, com cores misc\u00edveis entre si, boa durabilidade para exposi\u00e7\u00f5es externas, alto rendimento, flexibilidade e \u00f3tima ader\u00eancia.Indicada para decora\u00e7\u00e3o e acabamento de chapas de ferro, papel e derivados da madeira, frascos de polietileno e polipropileno (tratados), substratos revestidos com pintura laca com acabamento de alto brilho.<\/p>\n<p style=\"text-align: center\">Sint\u00e9tica Brilhante Ref. 540<br \/>\nDispon\u00edvel em  900ml <\/p>\n<\/div>\n<\/div>\n","protected":false},"excerpt":{"rendered":"<p>Linha Sint\u00e9tica A TEC-SCREEN possui produtos direcionados para os mais variados substratos utilizados no mercado serigr\u00e1fico. S\u00e3o produtos para aplica\u00e7\u00e3o em E.V.A, lonas vinil, policarbonato, poliestireno, polietileno, acr\u00edlicos, chapas de alum\u00ednio, a\u00e7o inox, papel, papel\u00e3o, PVC e muito mais. Sint\u00e9tica Fosca Ref. 530 Tinta serigr\u00e1fica alqu\u00eddica de secagem ao ar, com cores misc\u00edveis entre si, [&hellip;]<\/p>\n","protected":false},"author":1,"featured_media":0,"parent":531,"menu_order":0,"comment_status":"closed","ping_status":"closed","template":"","meta":[],"_links":{"self":[{"href":"http:\/\/tec-screen.com.br\/index.php?rest_route=\/wp\/v2\/pages\/605"}],"collection":[{"href":"http:\/\/tec-screen.com.br\/index.php?rest_route=\/wp\/v2\/pages"}],"about":[{"href":"http:\/\/tec-screen.com.br\/index.php?rest_route=\/wp\/v2\/types\/page"}],"author":[{"embeddable":true,"href":"http:\/\/tec-screen.com.br\/index.php?rest_route=\/wp\/v2\/users\/1"}],"replies":[{"embeddable":true,"href":"http:\/\/tec-screen.com.br\/index.php?rest_route=%2Fwp%2Fv2%2Fcomments&post=605"}],"version-history":[{"count":11,"href":"http:\/\/tec-screen.com.br\/index.php?rest_route=\/wp\/v2\/pages\/605\/revisions"}],"predecessor-version":[{"id":1220,"href":"http:\/\/tec-screen.com.br\/index.php?rest_route=\/wp\/v2\/pages\/605\/revisions\/1220"}],"up":[{"embeddable":true,"href":"http:\/\/tec-screen.com.br\/index.php?rest_route=\/wp\/v2\/pages\/531"}],"wp:attachment":[{"href":"http:\/\/tec-screen.com.br\/index.php?rest_route=%2Fwp%2Fv2%2Fmedia&parent=605"}],"curies":[{"name":"wp","href":"https:\/\/api.w.org\/{rel}","templated":true}]}}