{"id":6,"date":"2014-03-14T06:35:54","date_gmt":"2014-03-14T09:35:54","guid":{"rendered":"https:\/\/tec-screen.com.br\/?page_id=6"},"modified":"2019-11-27T11:55:34","modified_gmt":"2019-11-27T14:55:34","slug":"empresa","status":"publish","type":"page","link":"http:\/\/tec-screen.com.br\/?page_id=6","title":{"rendered":"Empresa"},"content":{"rendered":"<p><img loading=\"lazy\" class=\"aligncenter size-full wp-image-1293\" style=\"margin-bottom: 10px;\" src=\"https:\/\/tec-screen.com.br\/wp-content\/uploads\/Empresa-TEC.jpg\" alt=\"Empresa TEC\" width=\"972\" height=\"301\" srcset=\"http:\/\/tec-screen.com.br\/wp-content\/uploads\/Empresa-TEC.jpg 972w, http:\/\/tec-screen.com.br\/wp-content\/uploads\/Empresa-TEC-300x92.jpg 300w\" sizes=\"(max-width: 972px) 100vw, 972px\" \/><\/p>\n<p><span style=\"line-height: 1.5em;\">\u00a0<\/span><\/p>\n<h1 style=\"margin: 0px 0 40px 0;\">Quem Somos<\/h1>\n<p>A TEC-SCREEN \u00e9 uma ind\u00fastria 100% nacional, fabricante de tintas Serigr\u00e1ficas, Industriais, Art\u00edsticas, InkJet e especiais, fundada em 1974, em S\u00e3o Paulo, capital. Atualmente instalada num moderno parque industrial, com mais de 53 mil m\u00b2, em Sorocaba, interior de S\u00e3o Paulo.Atendemos todo o mercado nacional e exportamos para v\u00e1rios pa\u00edses, nosso crescimento deve-se ao desenvolvimento de produtos de alt\u00edssima qualidade somado \u00e0 evolu\u00e7\u00e3o tecnol\u00f3gica e ao excelente atendimento t\u00e9cnico e comercial.<\/p>\n<p style=\"margin: 0px;\"><span style=\"line-height: 1.0em;\">Faz parte da TEC-SCREEN, a divis\u00e3o art\u00edstica representada pelas marcas GATO PRETO e GP ARTS, com tintas e produtos auxiliares para arte e artesanato, a divis\u00e3o serigr\u00e1fica representada pela marca TEC-SCREEN, com tintas e produtos para serigrafia, estamparia e tamb\u00e9m produtos de cura ultra violeta, tinta e vernizes UV-TEC.<\/span>Al\u00e9m da divis\u00e3o InkJet, representada pela marca NEOINK para impressoras digitais base solvente.<\/p>\n<p style=\"margin: 0px;\">Todas essas marcas juntas formam o que \u00e9 hoje a TEC-SCREEN, uma empresa focada no futuro com o peso e credibilidade de uma marca com tradi\u00e7\u00e3o e qualidade a mais de um quarto de s\u00e9culo.<\/p>\n<h1 style=\"margin-bottom: 40px;\">Qualidade<\/h1>\n<p><img loading=\"lazy\" class=\"aligncenter wp-image-1294 size-full\" src=\"https:\/\/tec-screen.com.br\/wp-content\/uploads\/Lab.jpg\" alt=\"Lab\" width=\"417\" height=\"247\" srcset=\"http:\/\/tec-screen.com.br\/wp-content\/uploads\/Lab.jpg 417w, http:\/\/tec-screen.com.br\/wp-content\/uploads\/Lab-300x177.jpg 300w\" sizes=\"(max-width: 417px) 100vw, 417px\" \/><\/p>\n<p><span style=\"line-height: 1.0em;\">Temos o mais especializado e equipado laborat\u00f3rio da Am\u00e9rica Latina nas empresas do segmento, completamente preparado para o desenvolvimento de novos produtos, sempre nos mais rigorosos padr\u00f5es de qualidade. Respons\u00e1vel por levar at\u00e9 o consumidor toda pesquisa, aprimoramento e tecnologia que fazem parte do produto final de todas as linhas.<\/span><\/p>\n<h1 style=\"margin: 0px 0 40px 0;\">Meio Ambiente<\/h1>\n<p><img loading=\"lazy\" class=\"right  aligncenter wp-image-1295 size-full\" src=\"https:\/\/tec-screen.com.br\/wp-content\/uploads\/Patos.jpg\" alt=\"Patos\" width=\"417\" height=\"248\" srcset=\"http:\/\/tec-screen.com.br\/wp-content\/uploads\/Patos.jpg 417w, http:\/\/tec-screen.com.br\/wp-content\/uploads\/Patos-300x178.jpg 300w\" sizes=\"(max-width: 417px) 100vw, 417px\" \/><\/p>\n<p style=\"margin: 0px;\"><span style=\"line-height: 1.5em;\">O respeito ao meio ambiente \u00e9 levado a s\u00e9rio, pois a \u00e1gua que devolvemos \u00e0 natureza \u00e9 a mesma que recebemos. O tratamento de efluentes \u00e9 rigoroso. Aqui peixes de diversas esp\u00e9cies e aves aqu\u00e1ticas comprovam a qualidade da nossa \u00e1gua, atrav\u00e9s de um lago que \u00e9 alimentado com \u00e1gua proveniente do nosso tratamento de \u00e1gua e s\u00f3 ent\u00e3o \u00e9 devolvida aos mananciais.<\/span><\/p>\n<h1 style=\"margin: 0px 0 40px 0;\">Treinamento<\/h1>\n<p><img loading=\"lazy\" class=\"aligncenter wp-image-1318 size-full\" src=\"https:\/\/tec-screen.com.br\/wp-content\/uploads\/Treinamento.jpg\" alt=\"Treinamento\" width=\"416\" height=\"247\" srcset=\"http:\/\/tec-screen.com.br\/wp-content\/uploads\/Treinamento.jpg 416w, http:\/\/tec-screen.com.br\/wp-content\/uploads\/Treinamento-300x178.jpg 300w\" sizes=\"(max-width: 416px) 100vw, 416px\" \/><\/p>\n<p style=\"margin: 0px;\"><span style=\"line-height: 1.5em;\">O Centro de Treinamento da Tec-Screen \u00e9 destinado aos nossos clientes e futuros clientes que desejam conhecer mais sobre nossos produtos e suas aplica\u00e7\u00f5es da melhor forma poss\u00edvel. \u00c9 tamb\u00e9m o departamento respons\u00e1vel pela assist\u00eancia t\u00e9cnica e esclarecimento de d\u00favidas. Para agendar um treinamento, por favor, entre em contato conosco e verifique a dispon\u00edbilidade.<\/span><\/p>\n<p><img loading=\"lazy\" class=\"aligncenter size-full wp-image-1381\" src=\"https:\/\/tec-screen.com.br\/wp-content\/uploads\/rodape.jpg\" alt=\"rodape\" width=\"972\" height=\"140\" srcset=\"http:\/\/tec-screen.com.br\/wp-content\/uploads\/rodape.jpg 972w, http:\/\/tec-screen.com.br\/wp-content\/uploads\/rodape-300x43.jpg 300w\" sizes=\"(max-width: 972px) 100vw, 972px\" \/><\/p>\n<div class=\"clear\" style=\"margin: 60px;\"><\/div>\n<div class=\"clear\" style=\"margin: 60px; color: #fff;\">.<\/div>\n","protected":false},"excerpt":{"rendered":"<p>\u00a0 Quem Somos A TEC-SCREEN \u00e9 uma ind\u00fastria 100% nacional, fabricante de tintas Serigr\u00e1ficas, Industriais, Art\u00edsticas, InkJet e especiais, fundada em 1974, em S\u00e3o Paulo, capital. Atualmente instalada num moderno parque industrial, com mais de 53 mil m\u00b2, em Sorocaba, interior de S\u00e3o Paulo.Atendemos todo o mercado nacional e exportamos para v\u00e1rios pa\u00edses, nosso crescimento [&hellip;]<\/p>\n","protected":false},"author":1,"featured_media":0,"parent":0,"menu_order":0,"comment_status":"closed","ping_status":"closed","template":"","meta":[],"_links":{"self":[{"href":"http:\/\/tec-screen.com.br\/index.php?rest_route=\/wp\/v2\/pages\/6"}],"collection":[{"href":"http:\/\/tec-screen.com.br\/index.php?rest_route=\/wp\/v2\/pages"}],"about":[{"href":"http:\/\/tec-screen.com.br\/index.php?rest_route=\/wp\/v2\/types\/page"}],"author":[{"embeddable":true,"href":"http:\/\/tec-screen.com.br\/index.php?rest_route=\/wp\/v2\/users\/1"}],"replies":[{"embeddable":true,"href":"http:\/\/tec-screen.com.br\/index.php?rest_route=%2Fwp%2Fv2%2Fcomments&post=6"}],"version-history":[{"count":109,"href":"http:\/\/tec-screen.com.br\/index.php?rest_route=\/wp\/v2\/pages\/6\/revisions"}],"predecessor-version":[{"id":3976,"href":"http:\/\/tec-screen.com.br\/index.php?rest_route=\/wp\/v2\/pages\/6\/revisions\/3976"}],"wp:attachment":[{"href":"http:\/\/tec-screen.com.br\/index.php?rest_route=%2Fwp%2Fv2%2Fmedia&parent=6"}],"curies":[{"name":"wp","href":"https:\/\/api.w.org\/{rel}","templated":true}]}}