{"id":580,"date":"2013-05-10T17:56:46","date_gmt":"2013-05-10T20:56:46","guid":{"rendered":"https:\/\/www.tec-screen.com.br\/wp_tec\/?page_id=580"},"modified":"2019-11-27T12:20:28","modified_gmt":"2019-11-27T15:20:28","slug":"tok-de-seda","status":"publish","type":"page","link":"http:\/\/tec-screen.com.br\/?page_id=580","title":{"rendered":"Tok de Seda"},"content":{"rendered":"<h1 style=\"text-align: center; margin-top: 30px;\">Linha Tok de Seda<\/h1>\n<div style=\"margin: 0 10% 30px;\"><img loading=\"lazy\" class=\"aligncenter size-full wp-image-1040\" src=\"https:\/\/tec-screen.com.br\/wp-content\/uploads\/flowers.jpg\" alt=\"flowers\" width=\"573\" height=\"636\" srcset=\"http:\/\/tec-screen.com.br\/wp-content\/uploads\/flowers.jpg 573w, http:\/\/tec-screen.com.br\/wp-content\/uploads\/flowers-270x300.jpg 270w\" sizes=\"(max-width: 573px) 100vw, 573px\" \/><\/p>\n<p style=\"text-align: center; margin-top: 40px;\">As tintas TOK DE SEDA da TEC-SCREEN s\u00e3o produtos feitos com resinas diferenciadas, s\u00e3o produtos \u00e0 base de \u00e1gua de cura ao ar que proporcionam mais leveza a estampa. \u00c9 um produto com bom rendimento indicados para aplica\u00e7\u00e3o em tecidos de meia malha algod\u00e3o ou sint\u00e9ticos. Dispon\u00edveis nas vers\u00f5es Ar e Mix Ar com facilidade de aplica\u00e7\u00e3o. Possui \u00f3tima estabilidade nos equipamentos, boa velocidade de secagem e excelente qualidade.<\/p>\n<p style=\"text-align: center; margin-top: 40px;\">Tok de Seda Ar \u2013 Ref. 527<br \/>\nEmbalagens de: 240ml 900ml 5Kg 50Kg 200Kg<\/p>\n<p style=\"text-align: center; margin-top: 40px;\">Tok de Seda Mix Ar \u2013 Ref. 529<br \/>\nEmbalagens de: 240ml 900ml 5Kg 50Kg 200Kg<\/p>\n<\/div>\n","protected":false},"excerpt":{"rendered":"<p>Linha Tok de Seda As tintas TOK DE SEDA da TEC-SCREEN s\u00e3o produtos feitos com resinas diferenciadas, s\u00e3o produtos \u00e0 base de \u00e1gua de cura ao ar que proporcionam mais leveza a estampa. \u00c9 um produto com bom rendimento indicados para aplica\u00e7\u00e3o em tecidos de meia malha algod\u00e3o ou sint\u00e9ticos. Dispon\u00edveis nas vers\u00f5es Ar e [&hellip;]<\/p>\n","protected":false},"author":1,"featured_media":0,"parent":530,"menu_order":0,"comment_status":"closed","ping_status":"closed","template":"","meta":[],"_links":{"self":[{"href":"http:\/\/tec-screen.com.br\/index.php?rest_route=\/wp\/v2\/pages\/580"}],"collection":[{"href":"http:\/\/tec-screen.com.br\/index.php?rest_route=\/wp\/v2\/pages"}],"about":[{"href":"http:\/\/tec-screen.com.br\/index.php?rest_route=\/wp\/v2\/types\/page"}],"author":[{"embeddable":true,"href":"http:\/\/tec-screen.com.br\/index.php?rest_route=\/wp\/v2\/users\/1"}],"replies":[{"embeddable":true,"href":"http:\/\/tec-screen.com.br\/index.php?rest_route=%2Fwp%2Fv2%2Fcomments&post=580"}],"version-history":[{"count":20,"href":"http:\/\/tec-screen.com.br\/index.php?rest_route=\/wp\/v2\/pages\/580\/revisions"}],"predecessor-version":[{"id":3990,"href":"http:\/\/tec-screen.com.br\/index.php?rest_route=\/wp\/v2\/pages\/580\/revisions\/3990"}],"up":[{"embeddable":true,"href":"http:\/\/tec-screen.com.br\/index.php?rest_route=\/wp\/v2\/pages\/530"}],"wp:attachment":[{"href":"http:\/\/tec-screen.com.br\/index.php?rest_route=%2Fwp%2Fv2%2Fmedia&parent=580"}],"curies":[{"name":"wp","href":"https:\/\/api.w.org\/{rel}","templated":true}]}}