{"id":577,"date":"2013-05-10T17:56:22","date_gmt":"2013-05-10T20:56:22","guid":{"rendered":"https:\/\/www.tec-screen.com.br\/wp_tec\/?page_id=577"},"modified":"2019-11-27T11:49:30","modified_gmt":"2019-11-27T14:49:30","slug":"hidrotec","status":"publish","type":"page","link":"http:\/\/tec-screen.com.br\/?page_id=577","title":{"rendered":"Hidrotec"},"content":{"rendered":"<h1 style=\"text-align: center;margin-top: 30px\">Linha Hidrotec<\/h1>\n<div style=\"margin: 0 10% 30px\">\n<p style=\"text-align: center\">As tinas HIDROTEC da TEC-SCREEN s\u00e3o produtos a base de \u00e1gua, indicadas para tecidos mistos ou sint\u00e9ticos claros e escuros. Possuem \u00f3tima ader\u00eancia e resist\u00eancia, proporcionando maior produtividade e um excelente custo x benef\u00edcio. Dispon\u00edveis nas linhas: Hidrotec, Hidrotec Super Cobertura, Hidrotec Cromia, Hidrotec Soft, Hidrotec Soft Cobertura e Hidrotec Cintilante garantindo fidelidade de cores, facilidade de aplica\u00e7\u00e3o e excelente rendimento. Possui cores vibrantes, \u00f3tima estabilidade nos equipamentos, boa velocidade de secagem e excelente rendimento e a qualidade que s\u00f3 as tintas TEC-SCREEN podem oferecer.<\/p>\n<\/div>\n<hr \/>\n<h1 style=\"text-align: center;margin-top: 30px\">Hidrotec \u2013 Ref 502<\/h1>\n<div style=\"margin: 0 10% 30px\">\n<p style=\"text-align: center\">A tinta Hidrotec possui cores vibrantes e grande variedade de tons, \u00f3tima estabilidade nos equipamentos, boa velocidade de secagem o que garantem excelente rendimento.<\/p>\n<p><img loading=\"lazy\" class=\"aligncenter size-large wp-image-1542\" src=\"https:\/\/tec-screen.com.br\/wp-content\/uploads\/Hidrotec_cores-1024x728.jpg\" alt=\"Hidrotec_cores\" width=\"904\" height=\"642\" srcset=\"http:\/\/tec-screen.com.br\/wp-content\/uploads\/Hidrotec_cores-1024x728.jpg 1024w, http:\/\/tec-screen.com.br\/wp-content\/uploads\/Hidrotec_cores-300x213.jpg 300w\" sizes=\"(max-width: 904px) 100vw, 904px\" \/><\/p>\n<p style=\"text-align: center\">Hidrotec \u2013 Ref 502<br \/>\nDispon\u00edvel em 240ml, 900ml, 5Kg, 50Kg 200Kg<\/p>\n<\/div>\n<hr \/>\n<h1 style=\"text-align: center;margin-top: 30px\">Hidrotec Super Cobertura \u2013 Ref 502<\/h1>\n<div style=\"margin: 0 10% 30px\">\n<p style=\"text-align: center\">A tinta Hidrotec Soft Cobertura possui tonalidades variada, toque suave, boa velocidade de secagem excelente cobertura o que garantem excelente rendimento.<\/p>\n<p><img loading=\"lazy\" class=\"aligncenter size-large wp-image-1544\" src=\"https:\/\/tec-screen.com.br\/wp-content\/uploads\/Hidrotec_cobertura-1024x500.jpg\" alt=\"Hidrotec_cobertura\" width=\"904\" height=\"441\" srcset=\"http:\/\/tec-screen.com.br\/wp-content\/uploads\/Hidrotec_cobertura-1024x500.jpg 1024w, http:\/\/tec-screen.com.br\/wp-content\/uploads\/Hidrotec_cobertura-300x146.jpg 300w\" sizes=\"(max-width: 904px) 100vw, 904px\" \/><\/p>\n<p style=\"text-align: center\">Hidrotec Super Cobertura \u2013 Ref 502<br \/>\nDispon\u00edvel em 240ml, 900ml, 5Kg, 50Kg 200Kg<\/p>\n<\/div>\n<hr \/>\n<h1 style=\"text-align: center;margin-top: 30px\">Hidrotec Cromia \u2013 Ref. 502<\/h1>\n<div style=\"margin: 0 10% 30px\">\n<p style=\"text-align: center\">A tinta Hidrotec Cromia \u00e9 indicada para impress\u00f5es serigr\u00e1ficas em cromia em tecidos sint\u00e9ticos. Possuem a densidade ideal para conseguir impress\u00f5es com \u00f3tima resolu\u00e7\u00e3o. Dispon\u00edvel nas cores Azul, Magenta, Amarelo e Preto.<\/p>\n<p><img loading=\"lazy\" class=\"aligncenter size-full wp-image-1117\" src=\"https:\/\/tec-screen.com.br\/wp-content\/uploads\/Hidrotec-Cormia.jpg\" alt=\"Hidrotec Cormia\" width=\"398\" height=\"112\" srcset=\"http:\/\/tec-screen.com.br\/wp-content\/uploads\/Hidrotec-Cormia.jpg 398w, http:\/\/tec-screen.com.br\/wp-content\/uploads\/Hidrotec-Cormia-300x84.jpg 300w\" sizes=\"(max-width: 398px) 100vw, 398px\" \/><\/p>\n<p style=\"text-align: center\">Hidrotec Cromia \u2013 Ref. 502<br \/>\nDispon\u00edvel em 240ml, 900ml, 5Kg, 50Kg 200Kg<\/p>\n<\/div>\n<hr \/>\n<h1 style=\"text-align: center;margin-top: 30px\">Hidrotec Soft \u2013 Ref. 516<\/h1>\n<div style=\"margin: 0 10% 30px\">\n<p style=\"text-align: center\">A tinta Hidrotec Soft \u00e9 \u00e9 diferenciada pelas impress\u00f5es em tecidos sint\u00e9ticos com toque mais suave e qualidade superior com excelente custo x benef\u00edcio. Al\u00e9m das tintas &#8220;efeitos&#8221; Marca d&#8217;\u00c1gua e Falsa Corros\u00e3o prontas para aplicar.<\/p>\n<p><img loading=\"lazy\" class=\"aligncenter size-full wp-image-1118\" src=\"https:\/\/tec-screen.com.br\/wp-content\/uploads\/Hidrotec-Soft.jpg\" alt=\"Hidrotec Soft\" width=\"399\" height=\"109\" srcset=\"http:\/\/tec-screen.com.br\/wp-content\/uploads\/Hidrotec-Soft.jpg 399w, http:\/\/tec-screen.com.br\/wp-content\/uploads\/Hidrotec-Soft-300x81.jpg 300w\" sizes=\"(max-width: 399px) 100vw, 399px\" \/><\/p>\n<p style=\"text-align: center\">Hidrotec Soft \u2013 Ref. 516<br \/>\nDispon\u00edvel em 240ml, 900ml, 5Kg, 50Kg 200Kg<\/p>\n<\/div>\n<hr \/>\n<h1 style=\"text-align: center;margin-top: 30px\">Hidrotec Soft Cobertura \u2013 Ref 516<\/h1>\n<div style=\"margin: 0 10% 30px\">\n<p style=\"text-align: center\">A tinta Hidrotec Soft \u00e9 \u00e9 diferenciada pelas impress\u00f5es em tecidos sint\u00e9ticos com toque mais suave e qualidade superior com excelente custo x benef\u00edcio.<\/p>\n<p><img loading=\"lazy\" class=\"aligncenter size-large wp-image-1547\" src=\"https:\/\/tec-screen.com.br\/wp-content\/uploads\/Hidrotec_soft_cobertura1-1024x392.jpg\" alt=\"Hidrotec_soft_cobertura\" width=\"904\" height=\"346\" srcset=\"http:\/\/tec-screen.com.br\/wp-content\/uploads\/Hidrotec_soft_cobertura1-1024x392.jpg 1024w, http:\/\/tec-screen.com.br\/wp-content\/uploads\/Hidrotec_soft_cobertura1-300x115.jpg 300w\" sizes=\"(max-width: 904px) 100vw, 904px\" \/><\/p>\n<p style=\"text-align: center\">Hidrotec Soft Cobertura \u2013 Ref 516<br \/>\nDispon\u00edvel em 240ml, 900ml, 5Kg, 50Kg 200Kg<\/p>\n<\/div>\n<hr \/>\n<h1 style=\"text-align: center;margin-top: 30px\">Hidrotec Cintilante \u2013 Ref. 516<\/h1>\n<div style=\"margin: 0 10% 30px\">\n<p style=\"text-align: center\">A tinta Hidrotec Cintilante permite a suas impress\u00f5es em cores cintilantes, impress\u00f5es com brilho suave que vao diferenciar seus trabalhos.<\/p>\n<p><img loading=\"lazy\" class=\"aligncenter size-full wp-image-1120\" src=\"https:\/\/tec-screen.com.br\/wp-content\/uploads\/Hidrotec-Cintilante.jpg\" alt=\"Hidrotec Cintilante\" width=\"400\" height=\"116\" srcset=\"http:\/\/tec-screen.com.br\/wp-content\/uploads\/Hidrotec-Cintilante.jpg 400w, http:\/\/tec-screen.com.br\/wp-content\/uploads\/Hidrotec-Cintilante-300x87.jpg 300w\" sizes=\"(max-width: 400px) 100vw, 400px\" \/><\/p>\n<p style=\"text-align: center\">Hidrotec Cintilante \u2013 Ref. 516<br \/>\nDispon\u00edvel em 240ml, 900ml, 5Kg e 50Kg<\/p>\n<\/div>\n","protected":false},"excerpt":{"rendered":"<p>Linha Hidrotec As tinas HIDROTEC da TEC-SCREEN s\u00e3o produtos a base de \u00e1gua, indicadas para tecidos mistos ou sint\u00e9ticos claros e escuros. Possuem \u00f3tima ader\u00eancia e resist\u00eancia, proporcionando maior produtividade e um excelente custo x benef\u00edcio. Dispon\u00edveis nas linhas: Hidrotec, Hidrotec Super Cobertura, Hidrotec Cromia, Hidrotec Soft, Hidrotec Soft Cobertura e Hidrotec Cintilante garantindo fidelidade [&hellip;]<\/p>\n","protected":false},"author":1,"featured_media":0,"parent":530,"menu_order":0,"comment_status":"closed","ping_status":"closed","template":"","meta":[],"_links":{"self":[{"href":"http:\/\/tec-screen.com.br\/index.php?rest_route=\/wp\/v2\/pages\/577"}],"collection":[{"href":"http:\/\/tec-screen.com.br\/index.php?rest_route=\/wp\/v2\/pages"}],"about":[{"href":"http:\/\/tec-screen.com.br\/index.php?rest_route=\/wp\/v2\/types\/page"}],"author":[{"embeddable":true,"href":"http:\/\/tec-screen.com.br\/index.php?rest_route=\/wp\/v2\/users\/1"}],"replies":[{"embeddable":true,"href":"http:\/\/tec-screen.com.br\/index.php?rest_route=%2Fwp%2Fv2%2Fcomments&post=577"}],"version-history":[{"count":16,"href":"http:\/\/tec-screen.com.br\/index.php?rest_route=\/wp\/v2\/pages\/577\/revisions"}],"predecessor-version":[{"id":1573,"href":"http:\/\/tec-screen.com.br\/index.php?rest_route=\/wp\/v2\/pages\/577\/revisions\/1573"}],"up":[{"embeddable":true,"href":"http:\/\/tec-screen.com.br\/index.php?rest_route=\/wp\/v2\/pages\/530"}],"wp:attachment":[{"href":"http:\/\/tec-screen.com.br\/index.php?rest_route=%2Fwp%2Fv2%2Fmedia&parent=577"}],"curies":[{"name":"wp","href":"https:\/\/api.w.org\/{rel}","templated":true}]}}