{"id":575,"date":"2013-05-10T17:55:27","date_gmt":"2013-05-10T20:55:27","guid":{"rendered":"https:\/\/www.tec-screen.com.br\/wp_tec\/?page_id=575"},"modified":"2019-11-27T12:19:51","modified_gmt":"2019-11-27T15:19:51","slug":"tecitec","status":"publish","type":"page","link":"http:\/\/tec-screen.com.br\/?page_id=575","title":{"rendered":"Tecitec"},"content":{"rendered":"<h1 style=\"text-align: center; margin-top: 30px;\">Linha Tecitec<\/h1>\n<div style=\"margin: 0 10% 30px;\">\n<p style=\"text-align: center;\">As tintas TECITEC da TEC-SCREEN s\u00e3o produtos a base de \u00e1gua, indicadas para tecidos de algod\u00e3o e meia malha claros e escuros. Possuem \u00f3tima ader\u00eancia e resist\u00eancia, proporcionando maior produtividade e um excelente custo x benef\u00edcio.<\/p>\n<p style=\"text-align: center;\">Dispon\u00edveis nas linhas: Tecitec, Tecitec Mix, Tec Puff, Tecitec Fluorescente, Tecitec Hidromet\u00e1lica e Tecitec Cromia garantindo fidelidade de cores, facilidade de aplica\u00e7\u00e3o e excelente rendimento.<\/p>\n<p style=\"text-align: center;\">Possui cores vibrantes, \u00f3tima estabilidade nos equipamentos, boa velocidade de secagem e excelente rendimento e a qualidade que s\u00f3 as tintas TEC-SCREEN podem oferecer.<\/p>\n<\/div>\n<hr \/>\n<h1 style=\"text-align: center; margin-top: 30px;\">Tecitec Cores &#8211; Ref. 500<\/h1>\n<div style=\"margin: 0 10% 30px;\">\n<p style=\"text-align: center;\">A tinta Tecitec possui cores vibrantes e grande variedade de tons, \u00f3tima estabilidade nos equipamentos, boa velocidade de secagem o que garantem excelente rendimento.<\/p>\n<p><img loading=\"lazy\" class=\"aligncenter size-large wp-image-1537\" src=\"https:\/\/tec-screen.com.br\/wp-content\/uploads\/Tecitec1-1024x618.jpg\" alt=\"Tecitec\" width=\"904\" height=\"545\" srcset=\"http:\/\/tec-screen.com.br\/wp-content\/uploads\/Tecitec1-1024x618.jpg 1024w, http:\/\/tec-screen.com.br\/wp-content\/uploads\/Tecitec1-300x181.jpg 300w\" sizes=\"(max-width: 904px) 100vw, 904px\" \/><\/p>\n<\/div>\n<hr \/>\n<h1 style=\"text-align: center; margin-top: 60px;\">Tecitec Mix &#8211; Ref. 506<\/h1>\n<div style=\"margin: 0 10% 30px;\">\n<p style=\"text-align: center;\">Tecitec Mix \u00e9 um produto incolor a base de \u00e1gua para tecidos escuros que possibilita a pigmenta\u00e7\u00e3o total da tinta para conseguir a cor desejada e satisfa\u00e7\u00e3o do seu cliente.<img loading=\"lazy\" class=\"aligncenter size-full wp-image-943\" src=\"https:\/\/tec-screen.com.br\/wp-content\/uploads\/tecmix.jpg\" alt=\"tecmix\" width=\"526\" height=\"494\" srcset=\"http:\/\/tec-screen.com.br\/wp-content\/uploads\/tecmix.jpg 526w, http:\/\/tec-screen.com.br\/wp-content\/uploads\/tecmix-300x281.jpg 300w\" sizes=\"(max-width: 526px) 100vw, 526px\" \/><\/p>\n<p style=\"text-align: center;\">Tecitec Mix &#8211; Ref. 506<br \/>\nDispon\u00edvel em 900ml, 5Kg, 50Kg e 200Kg<\/p>\n<\/div>\n<hr \/>\n<h1 style=\"text-align: center; margin-top: 60px;\">Tecitec Soft &#8211; Ref. 515<\/h1>\n<div style=\"margin: 0 10% 30px;\">\n<p style=\"text-align: center;\">Tecitec Soft \u00e9 uma tinta desenvolvida para aplica\u00e7\u00e3o em tecidos claros e escuros, que proporcionam \u00e0 impress\u00e3o um toque realmente suave. Dispon\u00edvel nas cores<br \/>\nBranco, Mix e Incolor.<\/p>\n<p><img loading=\"lazy\" class=\"aligncenter size-full wp-image-965\" src=\"https:\/\/tec-screen.com.br\/wp-content\/uploads\/suave.jpg\" alt=\"suave\" width=\"594\" height=\"597\" srcset=\"http:\/\/tec-screen.com.br\/wp-content\/uploads\/suave.jpg 594w, http:\/\/tec-screen.com.br\/wp-content\/uploads\/suave-150x150.jpg 150w, http:\/\/tec-screen.com.br\/wp-content\/uploads\/suave-298x300.jpg 298w\" sizes=\"(max-width: 594px) 100vw, 594px\" \/><\/p>\n<p style=\"text-align: center;\">Tecitec Soft &#8211; Ref. 515<br \/>\nDispon\u00edvel em 900ml, 5Kg, 50Kg e 200Kg<\/p>\n<\/div>\n<hr \/>\n<h1 style=\"text-align: center; margin-top: 60px;\">Tecitec Cromia &#8211; Ref. 523<\/h1>\n<div style=\"margin: 0 10% 30px;\">\n<p style=\"text-align: center;\">Tecitec Cromia \u00e9 a tinta com baixo odor para impress\u00f5es serigr\u00e1ficas em cromia. Possuem a densidade ideal para conseguir impress\u00f5es com \u00f3tima resolu\u00e7\u00e3o. Dispon\u00edvel nas cores Incolor, Azul, Magenta, Amarelo e Preto.<\/p>\n<p><img loading=\"lazy\" class=\"aligncenter size-full wp-image-957\" src=\"https:\/\/tec-screen.com.br\/wp-content\/uploads\/cromia.jpg\" alt=\"cromia\" width=\"385\" height=\"433\" srcset=\"http:\/\/tec-screen.com.br\/wp-content\/uploads\/cromia.jpg 385w, http:\/\/tec-screen.com.br\/wp-content\/uploads\/cromia-266x300.jpg 266w\" sizes=\"(max-width: 385px) 100vw, 385px\" \/><\/p>\n<p style=\"text-align: center;\">Tecitec Cromia &#8211; Ref. 523<br \/>\nDispon\u00edvel em 900ml, 5Kg, 50Kg e 200Kg<\/p>\n<\/div>\n<hr \/>\n<h1 style=\"text-align: center; margin-top: 60px;\">Tecitec Fluorescente &#8211; Ref. 510<\/h1>\n<div style=\"margin: 0 10% 30px;\">\n<p style=\"text-align: center;\">Tecitec Fluorescente para impress\u00f5es serigr\u00e1ficas dispon\u00edvel em 5 cores indicadas para aplica\u00e7\u00f5es em tecidos de meia malha algod\u00e3o claros com resultados vibrantes e intensos.<\/p>\n<p style=\"text-align: center;\"><img loading=\"lazy\" class=\"aligncenter size-large wp-image-1540\" src=\"https:\/\/tec-screen.com.br\/wp-content\/uploads\/Tecitec_Fluorescente-1024x266.jpg\" alt=\"Tecitec_Fluorescente\" width=\"904\" height=\"234\" srcset=\"http:\/\/tec-screen.com.br\/wp-content\/uploads\/Tecitec_Fluorescente-1024x266.jpg 1024w, http:\/\/tec-screen.com.br\/wp-content\/uploads\/Tecitec_Fluorescente-300x78.jpg 300w\" sizes=\"(max-width: 904px) 100vw, 904px\" \/><\/p>\n<p style=\"text-align: center;\">Tecitec Fluorescente &#8211; Ref. 510<br \/>\nDispon\u00edvel em 900ml<\/p>\n<\/div>\n<hr \/>\n<h1 style=\"text-align: center; margin-top: 60px;\">Tecitec Hidromet\u00e1lica &#8211; Ref. 520<\/h1>\n<div style=\"margin: 0 10% 30px;\">\n<p style=\"text-align: center;\">Formulada com resinas especiais \u00e0 base de \u00e1gua e pigmentos iridescentes metalizados, que proporcionam ao tecido estampado alta cobertura, elasticidade e toque suave.<\/p>\n<p><img loading=\"lazy\" class=\"aligncenter size-full wp-image-963\" src=\"https:\/\/tec-screen.com.br\/wp-content\/uploads\/Tecitec-Hidrometalica.jpg\" alt=\"Tecitec Hidrometalica\" width=\"525\" height=\"440\" srcset=\"http:\/\/tec-screen.com.br\/wp-content\/uploads\/Tecitec-Hidrometalica.jpg 525w, http:\/\/tec-screen.com.br\/wp-content\/uploads\/Tecitec-Hidrometalica-300x251.jpg 300w\" sizes=\"(max-width: 525px) 100vw, 525px\" \/><\/p>\n<p style=\"text-align: center;\">Tecitec Hidromet\u00e1lica &#8211; Ref. 520<br \/>\nDispon\u00edvel em 900ml, 5Kg, 50Kg e 200Kg<\/p>\n<\/div>\n<hr \/>\n<h1 style=\"text-align: center; margin-top: 60px;\">Tec Puff &#8211; Ref. 507<\/h1>\n<div style=\"margin: 0 10% 30px;\">\n<p style=\"text-align: center;\">Tec Puff \u00e9 uma tinta expansiva, desenvolvida a partir de resinas acr\u00edlicas que provocam ao tecido estampado efeito de relevo. Dispon\u00edvel nas cores Incolor, Branco e Preto.<\/p>\n<p><img loading=\"lazy\" class=\"aligncenter size-full wp-image-967\" src=\"https:\/\/tec-screen.com.br\/wp-content\/uploads\/Tec-Puff.jpg\" alt=\"Tec Puff\" width=\"475\" height=\"440\" srcset=\"http:\/\/tec-screen.com.br\/wp-content\/uploads\/Tec-Puff.jpg 475w, http:\/\/tec-screen.com.br\/wp-content\/uploads\/Tec-Puff-300x277.jpg 300w\" sizes=\"(max-width: 475px) 100vw, 475px\" \/><\/p>\n<p style=\"text-align: center;\">Tecitec Puff &#8211; Ref. 507<br \/>\nDispon\u00edvel em 900ml<\/p>\n<\/div>\n","protected":false},"excerpt":{"rendered":"<p>Linha Tecitec As tintas TECITEC da TEC-SCREEN s\u00e3o produtos a base de \u00e1gua, indicadas para tecidos de algod\u00e3o e meia malha claros e escuros. Possuem \u00f3tima ader\u00eancia e resist\u00eancia, proporcionando maior produtividade e um excelente custo x benef\u00edcio. Dispon\u00edveis nas linhas: Tecitec, Tecitec Mix, Tec Puff, Tecitec Fluorescente, Tecitec Hidromet\u00e1lica e Tecitec Cromia garantindo fidelidade [&hellip;]<\/p>\n","protected":false},"author":1,"featured_media":0,"parent":530,"menu_order":0,"comment_status":"closed","ping_status":"closed","template":"","meta":[],"_links":{"self":[{"href":"http:\/\/tec-screen.com.br\/index.php?rest_route=\/wp\/v2\/pages\/575"}],"collection":[{"href":"http:\/\/tec-screen.com.br\/index.php?rest_route=\/wp\/v2\/pages"}],"about":[{"href":"http:\/\/tec-screen.com.br\/index.php?rest_route=\/wp\/v2\/types\/page"}],"author":[{"embeddable":true,"href":"http:\/\/tec-screen.com.br\/index.php?rest_route=\/wp\/v2\/users\/1"}],"replies":[{"embeddable":true,"href":"http:\/\/tec-screen.com.br\/index.php?rest_route=%2Fwp%2Fv2%2Fcomments&post=575"}],"version-history":[{"count":47,"href":"http:\/\/tec-screen.com.br\/index.php?rest_route=\/wp\/v2\/pages\/575\/revisions"}],"predecessor-version":[{"id":3989,"href":"http:\/\/tec-screen.com.br\/index.php?rest_route=\/wp\/v2\/pages\/575\/revisions\/3989"}],"up":[{"embeddable":true,"href":"http:\/\/tec-screen.com.br\/index.php?rest_route=\/wp\/v2\/pages\/530"}],"wp:attachment":[{"href":"http:\/\/tec-screen.com.br\/index.php?rest_route=%2Fwp%2Fv2%2Fmedia&parent=575"}],"curies":[{"name":"wp","href":"https:\/\/api.w.org\/{rel}","templated":true}]}}