{"id":532,"date":"2013-04-25T12:38:42","date_gmt":"2013-04-25T15:38:42","guid":{"rendered":"https:\/\/www.tec-screen.com.br\/wp_tec\/?page_id=516"},"modified":"2019-11-27T12:29:24","modified_gmt":"2019-11-27T15:29:24","slug":"ultra-violeta","status":"publish","type":"page","link":"http:\/\/tec-screen.com.br\/?page_id=532","title":{"rendered":"UV-TEC"},"content":{"rendered":"<p>A TEC-SCREEN possui uma linha completa de tintas e vernizes UV. A linha UV-TEC representa uma nova era de tintas serigr\u00e1ficas de cura ultravioleta para impress\u00e3o em papel, cart\u00f5es, pl\u00e1sticos flex\u00edveis e semi-flex\u00edveis. S\u00e3o tintas isentas de solvente, de cura r\u00e1pida e que permitem impress\u00f5es com n\u00edveis superiores de ader\u00eancia e flexibilidade. Apresentando cores vivas mesmo com varia\u00e7\u00f5es de camadas.<\/p>\n","protected":false},"excerpt":{"rendered":"<p>A TEC-SCREEN possui uma linha completa de tintas e vernizes UV. A linha UV-TEC representa uma nova era de tintas serigr\u00e1ficas de cura ultravioleta para impress\u00e3o em papel, cart\u00f5es, pl\u00e1sticos flex\u00edveis e semi-flex\u00edveis. S\u00e3o tintas isentas de solvente, de cura r\u00e1pida e que permitem impress\u00f5es com n\u00edveis superiores de ader\u00eancia e flexibilidade. Apresentando cores vivas [&hellip;]<\/p>\n","protected":false},"author":1,"featured_media":0,"parent":528,"menu_order":0,"comment_status":"closed","ping_status":"closed","template":"","meta":[],"_links":{"self":[{"href":"http:\/\/tec-screen.com.br\/index.php?rest_route=\/wp\/v2\/pages\/532"}],"collection":[{"href":"http:\/\/tec-screen.com.br\/index.php?rest_route=\/wp\/v2\/pages"}],"about":[{"href":"http:\/\/tec-screen.com.br\/index.php?rest_route=\/wp\/v2\/types\/page"}],"author":[{"embeddable":true,"href":"http:\/\/tec-screen.com.br\/index.php?rest_route=\/wp\/v2\/users\/1"}],"replies":[{"embeddable":true,"href":"http:\/\/tec-screen.com.br\/index.php?rest_route=%2Fwp%2Fv2%2Fcomments&post=532"}],"version-history":[{"count":3,"href":"http:\/\/tec-screen.com.br\/index.php?rest_route=\/wp\/v2\/pages\/532\/revisions"}],"predecessor-version":[{"id":3995,"href":"http:\/\/tec-screen.com.br\/index.php?rest_route=\/wp\/v2\/pages\/532\/revisions\/3995"}],"up":[{"embeddable":true,"href":"http:\/\/tec-screen.com.br\/index.php?rest_route=\/wp\/v2\/pages\/528"}],"wp:attachment":[{"href":"http:\/\/tec-screen.com.br\/index.php?rest_route=%2Fwp%2Fv2%2Fmedia&parent=532"}],"curies":[{"name":"wp","href":"https:\/\/api.w.org\/{rel}","templated":true}]}}