{"id":531,"date":"2013-04-25T12:37:32","date_gmt":"2013-04-25T15:37:32","guid":{"rendered":"https:\/\/www.tec-screen.com.br\/wp_tec\/?page_id=514"},"modified":"2019-11-27T12:23:15","modified_gmt":"2019-11-27T15:23:15","slug":"base-de-solvente","status":"publish","type":"page","link":"http:\/\/tec-screen.com.br\/?page_id=531","title":{"rendered":"Base de Solvente"},"content":{"rendered":"<p style=\"text-align: center;\">\n<p>As linhas de produtos a base de solvente da TEC-SCREEN possuem formula\u00e7\u00e3o indiscutivelmente qualificada, pois, fazemos quest\u00e3o de utilizar mat\u00e9rias primas de excelente qualidade, entregando produtos que realmente atendem as necessidades dos nossos clientes. Indicadas para aplica\u00e7\u00f5es em acr\u00edlico, banners, chapas de ferro, madeira, papel e PVC com excelentes resusltados em v\u00e1rios tipos de equipamentos com \u00f3timo rendimento, ader\u00eancia, cobertura e durabilidade.<\/p>\n","protected":false},"excerpt":{"rendered":"<p>As linhas de produtos a base de solvente da TEC-SCREEN possuem formula\u00e7\u00e3o indiscutivelmente qualificada, pois, fazemos quest\u00e3o de utilizar mat\u00e9rias primas de excelente qualidade, entregando produtos que realmente atendem as necessidades dos nossos clientes. Indicadas para aplica\u00e7\u00f5es em acr\u00edlico, banners, chapas de ferro, madeira, papel e PVC com excelentes resusltados em v\u00e1rios tipos de equipamentos [&hellip;]<\/p>\n","protected":false},"author":1,"featured_media":0,"parent":528,"menu_order":0,"comment_status":"closed","ping_status":"closed","template":"","meta":[],"_links":{"self":[{"href":"http:\/\/tec-screen.com.br\/index.php?rest_route=\/wp\/v2\/pages\/531"}],"collection":[{"href":"http:\/\/tec-screen.com.br\/index.php?rest_route=\/wp\/v2\/pages"}],"about":[{"href":"http:\/\/tec-screen.com.br\/index.php?rest_route=\/wp\/v2\/types\/page"}],"author":[{"embeddable":true,"href":"http:\/\/tec-screen.com.br\/index.php?rest_route=\/wp\/v2\/users\/1"}],"replies":[{"embeddable":true,"href":"http:\/\/tec-screen.com.br\/index.php?rest_route=%2Fwp%2Fv2%2Fcomments&post=531"}],"version-history":[{"count":3,"href":"http:\/\/tec-screen.com.br\/index.php?rest_route=\/wp\/v2\/pages\/531\/revisions"}],"predecessor-version":[{"id":3991,"href":"http:\/\/tec-screen.com.br\/index.php?rest_route=\/wp\/v2\/pages\/531\/revisions\/3991"}],"up":[{"embeddable":true,"href":"http:\/\/tec-screen.com.br\/index.php?rest_route=\/wp\/v2\/pages\/528"}],"wp:attachment":[{"href":"http:\/\/tec-screen.com.br\/index.php?rest_route=%2Fwp%2Fv2%2Fmedia&parent=531"}],"curies":[{"name":"wp","href":"https:\/\/api.w.org\/{rel}","templated":true}]}}