{"id":530,"date":"2013-04-10T14:59:44","date_gmt":"2013-04-10T17:59:44","guid":{"rendered":"https:\/\/www.tec-screen.com.br\/wp_tec\/?page_id=509"},"modified":"2019-11-27T12:17:06","modified_gmt":"2019-11-27T15:17:06","slug":"base-de-agua","status":"publish","type":"page","link":"http:\/\/tec-screen.com.br\/?page_id=530","title":{"rendered":"Base de \u00e1gua"},"content":{"rendered":"<p style=\"text-align: center;\">\n<div style=\"margin: 0 10% 30px;\">\n<p style=\"text-align: center;\">A linha de produtos a base d\u2019\u00e1gua da TEC-SCREEN s\u00e3o desenvolvidos com pigmentos de alta solidez e uma excelente combina\u00e7\u00e3o de mat\u00e9rias primas, que permitem \u00f3timo rendimento, cobertura e resist\u00eancia. Indicados para aplica\u00e7\u00e3o em tecidos de algod\u00e3o, mistos ou sint\u00e9ticos, aplicados de forma convencional ou autom\u00e1tica, de cura ao ar ou estufa. S\u00e3o produtos da mais alta qualidade, com a tradi\u00e7\u00e3o de uma empresa que est\u00e1 h\u00e1 quatro d\u00e9cadas atendendo as exig\u00eancias do mercado serigr\u00e1fico.<\/p>\n<\/div>\n","protected":false},"excerpt":{"rendered":"<p>A linha de produtos a base d\u2019\u00e1gua da TEC-SCREEN s\u00e3o desenvolvidos com pigmentos de alta solidez e uma excelente combina\u00e7\u00e3o de mat\u00e9rias primas, que permitem \u00f3timo rendimento, cobertura e resist\u00eancia. Indicados para aplica\u00e7\u00e3o em tecidos de algod\u00e3o, mistos ou sint\u00e9ticos, aplicados de forma convencional ou autom\u00e1tica, de cura ao ar ou estufa. S\u00e3o produtos da [&hellip;]<\/p>\n","protected":false},"author":1,"featured_media":0,"parent":528,"menu_order":0,"comment_status":"closed","ping_status":"closed","template":"","meta":[],"_links":{"self":[{"href":"http:\/\/tec-screen.com.br\/index.php?rest_route=\/wp\/v2\/pages\/530"}],"collection":[{"href":"http:\/\/tec-screen.com.br\/index.php?rest_route=\/wp\/v2\/pages"}],"about":[{"href":"http:\/\/tec-screen.com.br\/index.php?rest_route=\/wp\/v2\/types\/page"}],"author":[{"embeddable":true,"href":"http:\/\/tec-screen.com.br\/index.php?rest_route=\/wp\/v2\/users\/1"}],"replies":[{"embeddable":true,"href":"http:\/\/tec-screen.com.br\/index.php?rest_route=%2Fwp%2Fv2%2Fcomments&post=530"}],"version-history":[{"count":4,"href":"http:\/\/tec-screen.com.br\/index.php?rest_route=\/wp\/v2\/pages\/530\/revisions"}],"predecessor-version":[{"id":3986,"href":"http:\/\/tec-screen.com.br\/index.php?rest_route=\/wp\/v2\/pages\/530\/revisions\/3986"}],"up":[{"embeddable":true,"href":"http:\/\/tec-screen.com.br\/index.php?rest_route=\/wp\/v2\/pages\/528"}],"wp:attachment":[{"href":"http:\/\/tec-screen.com.br\/index.php?rest_route=%2Fwp%2Fv2%2Fmedia&parent=530"}],"curies":[{"name":"wp","href":"https:\/\/api.w.org\/{rel}","templated":true}]}}