{"id":528,"date":"2013-04-10T14:38:35","date_gmt":"2013-04-10T17:38:35","guid":{"rendered":"https:\/\/www.tec-screen.com.br\/wp_tec\/?page_id=499"},"modified":"2019-11-27T12:08:51","modified_gmt":"2019-11-27T15:08:51","slug":"produtos","status":"publish","type":"page","link":"http:\/\/tec-screen.com.br\/?page_id=528","title":{"rendered":"Produtos"},"content":{"rendered":"<h2>Base \u00c1gua<\/h2>\n<p><img loading=\"lazy\" class=\"alignleft\" src=\"https:\/\/tec-screen.com.br\/wp-content\/uploads\/ba.jpg\" alt=\" \" width=\"90\" height=\"114\" \/>A linha de produtos a base d\u2019\u00e1gua da TEC-SCREEN s\u00e3o desenvolvidos com pigmentos de alta solidez e uma excelente combina\u00e7\u00e3o de mat\u00e9rias primas, que permitem \u00f3timo rendimento, cobertura e resist\u00eancia.<br \/><br \/>.<\/p>\n<h2>Base Solvente<\/h2>\n<p><img loading=\"lazy\" class=\"alignleft\" src=\"https:\/\/tec-screen.com.br\/wp-content\/uploads\/bs.jpg\" alt=\" \" width=\"90\" height=\"114\" \/>As linhas de produtos a base de solvente da TEC-SCREEN possuem formula\u00e7\u00e3o indiscutivelmente qualificada, pois, fazemos quest\u00e3o de utilizar mat\u00e9rias primas de excelente qualidade.<br \/><br \/>.<\/p>\n<h2>UV-TEC<\/h2>\n<p><img loading=\"lazy\" class=\"alignleft\" src=\"https:\/\/tec-screen.com.br\/wp-content\/uploads\/uv.jpg\" alt=\" \" width=\"90\" height=\"114\" \/>S\u00e3o tintas isentas de solvente, de cura r\u00e1pida e que permitem impress\u00f5es com n\u00edveis superiores de ader\u00eancia e flexibilidade. Apresentando cores vivas mesmo com varia\u00e7\u00f5es de camadas.<\/p>\n\n\n<p><\/p>\n","protected":false},"excerpt":{"rendered":"<p>Base \u00c1gua A linha de produtos a base d\u2019\u00e1gua da TEC-SCREEN s\u00e3o desenvolvidos com pigmentos de alta solidez e uma excelente combina\u00e7\u00e3o de mat\u00e9rias primas, que permitem \u00f3timo rendimento, cobertura e resist\u00eancia. . Base Solvente As linhas de produtos a base de solvente da TEC-SCREEN possuem formula\u00e7\u00e3o indiscutivelmente qualificada, pois, fazemos quest\u00e3o de utilizar mat\u00e9rias [&hellip;]<\/p>\n","protected":false},"author":1,"featured_media":0,"parent":0,"menu_order":0,"comment_status":"closed","ping_status":"closed","template":"","meta":[],"_links":{"self":[{"href":"http:\/\/tec-screen.com.br\/index.php?rest_route=\/wp\/v2\/pages\/528"}],"collection":[{"href":"http:\/\/tec-screen.com.br\/index.php?rest_route=\/wp\/v2\/pages"}],"about":[{"href":"http:\/\/tec-screen.com.br\/index.php?rest_route=\/wp\/v2\/types\/page"}],"author":[{"embeddable":true,"href":"http:\/\/tec-screen.com.br\/index.php?rest_route=\/wp\/v2\/users\/1"}],"replies":[{"embeddable":true,"href":"http:\/\/tec-screen.com.br\/index.php?rest_route=%2Fwp%2Fv2%2Fcomments&post=528"}],"version-history":[{"count":24,"href":"http:\/\/tec-screen.com.br\/index.php?rest_route=\/wp\/v2\/pages\/528\/revisions"}],"predecessor-version":[{"id":3983,"href":"http:\/\/tec-screen.com.br\/index.php?rest_route=\/wp\/v2\/pages\/528\/revisions\/3983"}],"wp:attachment":[{"href":"http:\/\/tec-screen.com.br\/index.php?rest_route=%2Fwp%2Fv2%2Fmedia&parent=528"}],"curies":[{"name":"wp","href":"https:\/\/api.w.org\/{rel}","templated":true}]}}