{"id":520,"date":"2014-03-20T08:53:04","date_gmt":"2014-03-20T11:53:04","guid":{"rendered":"https:\/\/tec-screen.com.br\/?page_id=520"},"modified":"2019-11-27T11:51:15","modified_gmt":"2019-11-27T14:51:15","slug":"home","status":"publish","type":"page","link":"http:\/\/tec-screen.com.br\/","title":{"rendered":"Home"},"content":{"rendered":"<div class=\"img-frame full-third-short\"><img loading=\"lazy\" src=\"https:\/\/tec-screen.com.br\/wp-content\/uploads\/produtos-300x131.jpg\" alt=\"produtos\" width=\"280\" height=\"124\" \/><\/div>\n<h3>Produtos Serigr\u00e1ficos<\/h3>\n<p>Produtos desenvolvidos atrav\u00e9s de muitas pesquisas, aprimoramentos e tecnologia fazem parte de todas as linhas que comp\u00f5em o mix da TEC-SCREEN.<\/p>\n<div class=\"img-frame full-third-short\"><img loading=\"lazy\" src=\"https:\/\/tec-screen.com.br\/wp-content\/uploads\/treinamento-300x131.jpg\" alt=\"treinamento\" width=\"280\" height=\"124\" \/><\/div>\n<h3>Centro de Treinamento<\/h3>\n<p>Destinado aos clientes e futuros clientes que desejam conhecer mais sobre nossos produtos e suas aplica\u00e7\u00f5es da melhor forma poss\u00edvel.<\/p>\n<div class=\"img-frame full-third-short\"><img loading=\"lazy\" src=\"https:\/\/tec-screen.com.br\/wp-content\/uploads\/neocoat-300x131.jpg\" alt=\"neocoat\" width=\"280\" height=\"124\" \/><\/div>\n<h3>Verniz Protetor<\/h3>\n<p>Verniz protetor de impress\u00f5es digitais, contra a\u00e7\u00e3o de intemp\u00e9ries e com resist\u00eancia a abrasivos como voc\u00ea nunca viu.<\/p>\n","protected":false},"excerpt":{"rendered":"<p>Produtos Serigr\u00e1ficos Produtos desenvolvidos atrav\u00e9s de muitas pesquisas, aprimoramentos e tecnologia fazem parte de todas as linhas que comp\u00f5em o mix da TEC-SCREEN. Centro de Treinamento Destinado aos clientes e futuros clientes que desejam conhecer mais sobre nossos produtos e suas aplica\u00e7\u00f5es da melhor forma poss\u00edvel. Verniz Protetor Verniz protetor de impress\u00f5es digitais, contra a\u00e7\u00e3o [&hellip;]<\/p>\n","protected":false},"author":1,"featured_media":0,"parent":0,"menu_order":0,"comment_status":"closed","ping_status":"closed","template":"","meta":[],"_links":{"self":[{"href":"http:\/\/tec-screen.com.br\/index.php?rest_route=\/wp\/v2\/pages\/520"}],"collection":[{"href":"http:\/\/tec-screen.com.br\/index.php?rest_route=\/wp\/v2\/pages"}],"about":[{"href":"http:\/\/tec-screen.com.br\/index.php?rest_route=\/wp\/v2\/types\/page"}],"author":[{"embeddable":true,"href":"http:\/\/tec-screen.com.br\/index.php?rest_route=\/wp\/v2\/users\/1"}],"replies":[{"embeddable":true,"href":"http:\/\/tec-screen.com.br\/index.php?rest_route=%2Fwp%2Fv2%2Fcomments&post=520"}],"version-history":[{"count":26,"href":"http:\/\/tec-screen.com.br\/index.php?rest_route=\/wp\/v2\/pages\/520\/revisions"}],"predecessor-version":[{"id":3972,"href":"http:\/\/tec-screen.com.br\/index.php?rest_route=\/wp\/v2\/pages\/520\/revisions\/3972"}],"wp:attachment":[{"href":"http:\/\/tec-screen.com.br\/index.php?rest_route=%2Fwp%2Fv2%2Fmedia&parent=520"}],"curies":[{"name":"wp","href":"https:\/\/api.w.org\/{rel}","templated":true}]}}